{"id":32,"date":"2021-02-09T15:39:45","date_gmt":"2021-02-09T15:39:45","guid":{"rendered":"http:\/\/icelandfishexpo.webdev.is\/?page_id=32"},"modified":"2025-09-07T22:27:34","modified_gmt":"2025-09-07T22:27:34","slug":"golfmynd","status":"publish","type":"page","link":"https:\/\/icelandfishexpo.is\/en\/golfmynd\/","title":{"rendered":"Floorplan"},"content":{"rendered":"<p>[et_pb_section fb_built=&#8220;1&#8243; admin_label=&#8220;Header&#8220; _builder_version=&#8220;4.8.2&#8243; use_background_color_gradient=&#8220;on&#8220; background_color_gradient_start=&#8220;rgba(255,255,255,0.4)&#8220; background_color_gradient_end=&#8220;#ffffff&#8220; background_color_gradient_end_position=&#8220;90%&#8220; background_color_gradient_overlays_image=&#8220;on&#8220; background_image=&#8220;http:\/\/icelandfishexpo.webdev.is\/wp-content\/uploads\/2021\/02\/wSjavarutvegs_250919_JSX0461.jpg&#8220; min_height=&#8220;294.3px&#8220; custom_margin=&#8220;0px||38px||false|false&#8220; custom_padding=&#8220;0px||0vw||false|false&#8220;][et_pb_row _builder_version=&#8220;4.8.2&#8243; custom_margin=&#8220;0px|auto||auto|false|false&#8220;][et_pb_column type=&#8220;4_4&#8243; _builder_version=&#8220;3.25&#8243; custom_padding=&#8220;|||&#8220; custom_padding__hover=&#8220;|||&#8220;][et_pb_text _builder_version=&#8220;4.8.2&#8243; text_font=&#8220;||||||||&#8220; ul_font=&#8220;||||||||&#8220; ol_font=&#8220;||||||||&#8220; header_font=&#8220;Montserrat|500||on|||||&#8220; header_font_size=&#8220;18px&#8220; header_letter_spacing=&#8220;5px&#8220; header_line_height=&#8220;1.5em&#8220; header_2_font=&#8220;Merriweather|||on|||||&#8220; header_2_font_size=&#8220;70px&#8220; header_2_letter_spacing=&#8220;5px&#8220; header_2_line_height=&#8220;1.4em&#8220; header_3_font=&#8220;||||||||&#8220; header_4_font=&#8220;||||||||&#8220; header_5_font=&#8220;||||||||&#8220; header_6_font=&#8220;||||||||&#8220; text_orientation=&#8220;center&#8220; custom_margin=&#8220;144px||||false|false&#8220; custom_padding=&#8220;0px|||||&#8220; header_font_size_tablet=&#8220;&#8220; header_font_size_phone=&#8220;12px&#8220; header_font_size_last_edited=&#8220;on|desktop&#8220; header_2_font_size_tablet=&#8220;50px&#8220; header_2_font_size_phone=&#8220;30px&#8220; header_2_font_size_last_edited=&#8220;on|desktop&#8220;]<\/p>\n<h2><span style=\"color: #e09900;\">FLOORPLAN<\/span><\/h2>\n<h1>EXHIBITION AREAS IN LAUGARDALSH\u00d6LL<\/h1>\n<p>[\/et_pb_text][\/et_pb_column][\/et_pb_row][\/et_pb_section][et_pb_section fb_built=&#8220;1&#8243; _builder_version=&#8220;4.8.2&#8243; _module_preset=&#8220;default&#8220; custom_margin=&#8220;-21px|||||&#8220; custom_padding=&#8220;||7px|||&#8220;][et_pb_row disabled_on=&#8220;off|off|off&#8220; _builder_version=&#8220;4.8.2&#8243; _module_preset=&#8220;default&#8220; background_size=&#8220;contain&#8220; min_height=&#8220;758.1px&#8220; custom_margin=&#8220;-13px|auto|0px|auto|false|false&#8220; custom_padding=&#8220;||0px|||&#8220;][et_pb_column type=&#8220;4_4&#8243; _builder_version=&#8220;4.8.2&#8243; _module_preset=&#8220;default&#8220;][et_pb_image src=&#8220;http:\/\/icelandfishexpo.is\/wp-content\/uploads\/2025\/09\/Artboard-1-2.png&#8220; title_text=&#8220;Artboard 1&#8243; _builder_version=&#8220;4.8.2&#8243; _module_preset=&#8220;default&#8220; background_enable_color=&#8220;off&#8220; use_background_color_gradient=&#8220;off&#8220; background_enable_image=&#8220;off&#8220;][\/et_pb_image][\/et_pb_column][\/et_pb_row][et_pb_row _builder_version=&#8220;4.8.2&#8243; _module_preset=&#8220;default&#8220;][et_pb_column type=&#8220;4_4&#8243; _builder_version=&#8220;4.8.2&#8243; _module_preset=&#8220;default&#8220;][et_pb_image src=&#8220;http:\/\/icelandfishexpo.is\/wp-content\/uploads\/2025\/09\/SALUR-B-1-scaled.png&#8220; title_text=&#8220;SALUR B&#8220; _builder_version=&#8220;4.8.2&#8243; _module_preset=&#8220;default&#8220; background_enable_color=&#8220;off&#8220; use_background_color_gradient=&#8220;off&#8220; background_enable_image=&#8220;off&#8220; hover_enabled=&#8220;0&#8243; sticky_enabled=&#8220;0&#8243;][\/et_pb_image][\/et_pb_column][\/et_pb_row][et_pb_row _builder_version=&#8220;4.8.2&#8243; _module_preset=&#8220;default&#8220;][et_pb_column type=&#8220;4_4&#8243; _builder_version=&#8220;4.8.2&#8243; _module_preset=&#8220;default&#8220;][et_pb_image src=&#8220;http:\/\/icelandfishexpo.is\/wp-content\/uploads\/2025\/09\/SALUR-A-scaled.png&#8220; title_text=&#8220;SALUR A&#8220; _builder_version=&#8220;4.8.2&#8243; _module_preset=&#8220;default&#8220; background_enable_color=&#8220;off&#8220; use_background_color_gradient=&#8220;off&#8220; background_enable_image=&#8220;off&#8220;][\/et_pb_image][\/et_pb_column][\/et_pb_row][et_pb_row _builder_version=&#8220;4.8.2&#8243; _module_preset=&#8220;default&#8220;][et_pb_column type=&#8220;4_4&#8243; _builder_version=&#8220;4.8.2&#8243; _module_preset=&#8220;default&#8220;][et_pb_image src=&#8220;http:\/\/icelandfishexpo.is\/wp-content\/uploads\/2025\/09\/SALUR-C-scaled.png&#8220; title_text=&#8220;SALUR C&#8220; _builder_version=&#8220;4.8.2&#8243; _module_preset=&#8220;default&#8220; background_enable_color=&#8220;off&#8220; use_background_color_gradient=&#8220;off&#8220; background_enable_image=&#8220;off&#8220;][\/et_pb_image][\/et_pb_column][\/et_pb_row][et_pb_row _builder_version=&#8220;4.8.2&#8243; _module_preset=&#8220;default&#8220;][et_pb_column type=&#8220;4_4&#8243; _builder_version=&#8220;4.8.2&#8243; _module_preset=&#8220;default&#8220;][et_pb_image src=&#8220;http:\/\/icelandfishexpo.is\/wp-content\/uploads\/2025\/09\/UTISVAEDI-scaled.png&#8220; title_text=&#8220;\u00daTISV\u00c6\u00d0I&#8220; _builder_version=&#8220;4.8.2&#8243; _module_preset=&#8220;default&#8220; background_enable_color=&#8220;off&#8220; use_background_color_gradient=&#8220;off&#8220; background_enable_image=&#8220;off&#8220;][\/et_pb_image][\/et_pb_column][\/et_pb_row][\/et_pb_section]<\/p>","protected":false},"excerpt":{"rendered":"<p>[et_pb_section fb_built=&#8220;1&#8243; admin_label=&#8220;Header&#8220; _builder_version=&#8220;4.8.2&#8243; use_background_color_gradient=&#8220;on&#8220; background_color_gradient_start=&#8220;rgba(255,255,255,0.4)&#8220; background_color_gradient_end=&#8220;#ffffff&#8220; background_color_gradient_end_position=&#8220;90%&#8220; background_color_gradient_overlays_image=&#8220;on&#8220; background_image=&#8220;http:\/\/icelandfishexpo.webdev.is\/wp-content\/uploads\/2021\/02\/wSjavarutvegs_250919_JSX0461.jpg&#8220; min_height=&#8220;294.3px&#8220; custom_margin=&#8220;0px||38px||false|false&#8220; custom_padding=&#8220;0px||0vw||false|false&#8220;][et_pb_row _builder_version=&#8220;4.8.2&#8243; custom_margin=&#8220;0px|auto||auto|false|false&#8220;][et_pb_column type=&#8220;4_4&#8243; _builder_version=&#8220;3.25&#8243; custom_padding=&#8220;|||&#8220; custom_padding__hover=&#8220;|||&#8220;][et_pb_text _builder_version=&#8220;4.8.2&#8243; text_font=&#8220;||||||||&#8220; ul_font=&#8220;||||||||&#8220; ol_font=&#8220;||||||||&#8220; header_font=&#8220;Montserrat|500||on|||||&#8220; header_font_size=&#8220;18px&#8220; header_letter_spacing=&#8220;5px&#8220; header_line_height=&#8220;1.5em&#8220; header_2_font=&#8220;Merriweather|||on|||||&#8220; header_2_font_size=&#8220;70px&#8220; header_2_letter_spacing=&#8220;5px&#8220; header_2_line_height=&#8220;1.4em&#8220; header_3_font=&#8220;||||||||&#8220; header_4_font=&#8220;||||||||&#8220; header_5_font=&#8220;||||||||&#8220; header_6_font=&#8220;||||||||&#8220; text_orientation=&#8220;center&#8220; custom_margin=&#8220;144px||||false|false&#8220; custom_padding=&#8220;0px|||||&#8220; header_font_size_tablet=&#8220;&#8220; header_font_size_phone=&#8220;12px&#8220; header_font_size_last_edited=&#8220;on|desktop&#8220; header_2_font_size_tablet=&#8220;50px&#8220; header_2_font_size_phone=&#8220;30px&#8220; header_2_font_size_last_edited=&#8220;on|desktop&#8220;] G\u00d3LFMYND S\u00ddNINGARSV\u00c6\u00d0I LAUGARDALSHALLAR [\/et_pb_text][\/et_pb_column][\/et_pb_row][\/et_pb_section][et_pb_section fb_built=&#8220;1&#8243; _builder_version=&#8220;4.8.2&#8243; _module_preset=&#8220;default&#8220; custom_margin=&#8220;-21px|||||&#8220; custom_padding=&#8220;||7px|||&#8220;][et_pb_row disabled_on=&#8220;off|off|off&#8220; _builder_version=&#8220;4.8.2&#8243; [&hellip;]<\/p>","protected":false},"author":1,"featured_media":0,"parent":0,"menu_order":0,"comment_status":"closed","ping_status":"closed","template":"","meta":{"_et_pb_use_builder":"on","_et_pb_old_content":"","_et_gb_content_width":"","footnotes":""},"class_list":["post-32","page","type-page","status-publish","hentry"],"_links":{"self":[{"href":"https:\/\/icelandfishexpo.is\/en\/wp-json\/wp\/v2\/pages\/32","targetHints":{"allow":["GET"]}}],"collection":[{"href":"https:\/\/icelandfishexpo.is\/en\/wp-json\/wp\/v2\/pages"}],"about":[{"href":"https:\/\/icelandfishexpo.is\/en\/wp-json\/wp\/v2\/types\/page"}],"author":[{"embeddable":true,"href":"https:\/\/icelandfishexpo.is\/en\/wp-json\/wp\/v2\/users\/1"}],"replies":[{"embeddable":true,"href":"https:\/\/icelandfishexpo.is\/en\/wp-json\/wp\/v2\/comments?post=32"}],"version-history":[{"count":39,"href":"https:\/\/icelandfishexpo.is\/en\/wp-json\/wp\/v2\/pages\/32\/revisions"}],"predecessor-version":[{"id":2921,"href":"https:\/\/icelandfishexpo.is\/en\/wp-json\/wp\/v2\/pages\/32\/revisions\/2921"}],"wp:attachment":[{"href":"https:\/\/icelandfishexpo.is\/en\/wp-json\/wp\/v2\/media?parent=32"}],"curies":[{"name":"wp","href":"https:\/\/api.w.org\/{rel}","templated":true}]}}