{"id":73,"date":"2021-02-09T15:49:26","date_gmt":"2021-02-09T15:49:26","guid":{"rendered":"http:\/\/icelandfishexpo.webdev.is\/?page_id=73"},"modified":"2025-08-05T20:10:04","modified_gmt":"2025-08-05T20:10:04","slug":"basapantanir","status":"publish","type":"page","link":"https:\/\/icelandfishexpo.is\/en\/basapantanir\/","title":{"rendered":"Book a stand"},"content":{"rendered":"<p>[et_pb_section fb_built=&#8220;1&#8243; next_background_color=&#8220;#fafafa&#8220; admin_label=&#8220;Header&#8220; _builder_version=&#8220;4.8.2&#8243; min_height=&#8220;272.3px&#8220; bottom_divider_style=&#8220;wave&#8220; bottom_divider_height=&#8220;10vw&#8220; bottom_divider_flip=&#8220;horizontal&#8220;][et_pb_row column_structure=&#8220;1_2,1_2&#8243; _builder_version=&#8220;4.8.2&#8243; background_size=&#8220;contain&#8220;][et_pb_column type=&#8220;1_2&#8243; _builder_version=&#8220;3.25&#8243; custom_padding=&#8220;|||&#8220; custom_padding_tablet=&#8220;0px|||&#8220; custom_padding_last_edited=&#8220;off|desktop&#8220; custom_padding__hover=&#8220;|||&#8220;][et_pb_text _builder_version=&#8220;4.8.2&#8243; text_font=&#8220;||||||||&#8220; ul_font=&#8220;||||||||&#8220; ol_font=&#8220;||||||||&#8220; header_font=&#8220;Montserrat|500||on|||||&#8220; header_font_size=&#8220;18px&#8220; header_letter_spacing=&#8220;5px&#8220; header_line_height=&#8220;1.5em&#8220; header_2_font=&#8220;Merriweather|700|||||||&#8220; header_2_font_size=&#8220;60px&#8220; header_2_line_height=&#8220;1.4em&#8220; header_3_font=&#8220;||||||||&#8220; header_4_font=&#8220;||||||||&#8220; header_5_font=&#8220;||||||||&#8220; header_6_font=&#8220;||||||||&#8220; header_font_size_tablet=&#8220;&#8220; header_font_size_phone=&#8220;12px&#8220; header_font_size_last_edited=&#8220;on|desktop&#8220; header_2_font_size_tablet=&#8220;50px&#8220; header_2_font_size_phone=&#8220;30px&#8220; header_2_font_size_last_edited=&#8220;on|desktop&#8220;]<\/p>\n<h2><span style=\"color: #e09900;\">BOOK A STAND<\/span><\/h2>\n<h1><span style=\"font-size: medium;\">CONTACT US AND BOOK!<\/span><\/h1>\n<p><span style=\"font-size: medium;\">\u00a0<\/span><\/p>\n<p>[\/et_pb_text][\/et_pb_column][et_pb_column type=&#8220;1_2&#8243; _builder_version=&#8220;3.25&#8243; custom_padding=&#8220;|||&#8220; custom_padding__hover=&#8220;|||&#8220;][\/et_pb_column][\/et_pb_row][\/et_pb_section][et_pb_section fb_built=&#8220;1&#8243; admin_label=&#8220;Consultation&#8220; _builder_version=&#8220;4.8.2&#8243; background_color=&#8220;#fafafa&#8220; use_background_color_gradient=&#8220;on&#8220; background_color_gradient_start=&#8220;#fafafa&#8220; background_color_gradient_end=&#8220;#ffffff&#8220; min_height=&#8220;848.6px&#8220; custom_margin=&#8220;-2px||||false|false&#8220; custom_padding=&#8220;0px||0px||false|false&#8220;][et_pb_row column_structure=&#8220;1_2,1_2&#8243; _builder_version=&#8220;4.8.2&#8243; min_height=&#8220;626.1px&#8220; custom_margin=&#8220;-25px|auto||auto|false|false&#8220; custom_padding=&#8220;20px||0px||false|false&#8220; locked=&#8220;off&#8220;][et_pb_column type=&#8220;1_2&#8243; _builder_version=&#8220;3.25&#8243; custom_padding=&#8220;60px|||&#8220; custom_padding_tablet=&#8220;0px|||&#8220; custom_padding_phone=&#8220;&#8220; custom_padding_last_edited=&#8220;on|tablet&#8220; padding_tablet=&#8220;0px|||&#8220; padding_last_edited=&#8220;on|tablet&#8220; custom_padding__hover=&#8220;|||&#8220;][et_pb_text content_last_edited=&#8220;off|desktop&#8220; _builder_version=&#8220;4.8.2&#8243; text_font=&#8220;||||||||&#8220; text_line_height=&#8220;2em&#8220; header_font=&#8220;||||||||&#8220; header_text_align=&#8220;left&#8220; header_3_font=&#8220;Merriweather|700|||||||&#8220; header_3_font_size=&#8220;26px&#8220; header_3_line_height=&#8220;1.6em&#8220; max_width=&#8220;99.6%&#8220; max_width_tablet=&#8220;&#8220; max_width_phone=&#8220;&#8220; max_width_last_edited=&#8220;on|phone&#8220; module_alignment=&#8220;left&#8220; min_height=&#8220;995.6px&#8220; custom_margin=&#8220;0px|2px|0px||false|false&#8220; custom_margin_tablet=&#8220;-80px||||false|false&#8220; custom_margin_phone=&#8220;||-93px||false|false&#8220; custom_margin_last_edited=&#8220;on|desktop&#8220; custom_padding=&#8220;0px||||false|false&#8220; header_3_font_size_tablet=&#8220;&#8220; header_3_font_size_phone=&#8220;20px&#8220; header_3_font_size_last_edited=&#8220;on|phone&#8220; locked=&#8220;off&#8220;]<\/p>\n<h3>Exhibiting costs<\/h3>\n<p><strong>Included in the booth fee:<\/strong> Exhibitors receive as many invitations as they wish<br \/> both for visitors and employees - free of charge. Stone grey<br \/> carpet tiles laid on a stand. There will be cleaning in the public space and<br \/> point lighting in the corridors of the exhibition area. A wireless network will be installed in the exhibition areas and in the public space, and there will be security and<br \/> also in a fenced outdoor area.<\/p>\n<p>Note: Electricity consumption is included but not electrical connections in booths.<\/p>\n<p>The stall price is <strong>ISK 24,500+VAT<\/strong> p.m. Confirmation fee <strong>ISK 45,000+VAT <\/strong>which<br \/> guarantees exhibition space (non-refundable). A fenced and guarded outdoor area at the west side of the palace will also be offered for <strong>ISK 6,900+VAT<\/strong> p.m.<\/p>\n<p>Exhibitors can choose an exhibition system company or bring their own booth system.<\/p>\n<p>Rits\u00fdn collaborates with <strong>Merkingu<\/strong> , which offers systems. The offer includes the following: System walls installed and installation of kappa\/facia<br \/> board. Marking with the exhibitor's name on a kappa and three lights. Price<strong> ISK 9.900+VAT.<\/strong> p.m.<\/p>\n<p>Contact P\u00e9tur - petur@merking.is, Pawel - pawel@merking.is or Lukasz - lukasz@merking.is. Phone 556 9000.<\/p>\n<p>Note that Ritsyn does not have a display system.<\/p>\n<p>Exhibition areas will be allocated on a first-come, first-served basis<br \/> can\".<\/p>\n<p>To book an area, you can contact:<\/p>\n<p>[\/et_pb_text][\/et_pb_column][et_pb_column type=&#8220;1_2&#8243; _builder_version=&#8220;3.25&#8243; custom_padding=&#8220;|||&#8220; custom_padding__hover=&#8220;|||&#8220;][\/et_pb_column][\/et_pb_row][\/et_pb_section][et_pb_section fb_built=&#8220;1&#8243; _builder_version=&#8220;4.8.2&#8243; _module_preset=&#8220;default&#8220; min_height=&#8220;302.4px&#8220; custom_margin=&#8220;-9px|||||&#8220; custom_padding=&#8220;0px||||false|false&#8220;][et_pb_row column_structure=&#8220;1_2,1_2&#8243; _builder_version=&#8220;4.8.2&#8243; _module_preset=&#8220;default&#8220; min_height=&#8220;210.4px&#8220; custom_margin=&#8220;0px||||false|false&#8220; custom_margin_tablet=&#8220;&#8220; custom_margin_phone=&#8220;&#8220; custom_margin_last_edited=&#8220;on|phone&#8220; custom_padding=&#8220;50px||||false|false&#8220;][et_pb_column type=&#8220;1_2&#8243; _builder_version=&#8220;4.8.2&#8243; _module_preset=&#8220;default&#8220;][et_pb_code _builder_version=&#8220;4.8.2&#8243; _module_preset=&#8220;default&#8220; min_height=&#8220;48.6px&#8220;]<strong><span style=\"color: #e09900;\">CEO OF ICELAND FISHING EXPO<\/br><\/span>\u00d3lafur M. J\u00f3hannesson<\/strong><!-- [et_pb_line_break_holder] -->[\/et_pb_code][et_pb_blurb title=&#8220;T\u00d6LVUP\u00d3STUR&#8220; use_icon=&#8220;on&#8220; font_icon=&#8220;%%238%%&#8220; icon_color=&#8220;#ffffff&#8220; use_circle=&#8220;on&#8220; circle_color=&#8220;#f5ba6a&#8220; icon_placement=&#8220;left&#8220; content_max_width=&#8220;1100px&#8220; _builder_version=&#8220;3.15&#8243; header_level=&#8220;h5&#8243; header_font=&#8220;|700||on|||||&#8220; header_text_color=&#8220;#000000&#8243; header_font_size=&#8220;11px&#8220; header_letter_spacing=&#8220;1px&#8220; header_line_height=&#8220;2em&#8220; body_font_size=&#8220;12px&#8220; body_line_height=&#8220;1.6em&#8220; custom_padding=&#8220;|||&#8220; animation=&#8220;off&#8220; border_radii=&#8220;on|10px|10px|10px|10px&#8220; locked=&#8220;off&#8220;]<\/p>\n<p><em><a href=\"mailto:olafur@ritsyn.is\">olafur@ritsyn.is<\/a><\/em><\/p>\n<p>[\/et_pb_blurb][et_pb_blurb title=&#8220;S\u00cdMI&#8220; use_icon=&#8220;on&#8220; font_icon=&#8220;%%264%%&#8220; icon_color=&#8220;#ffffff&#8220; use_circle=&#8220;on&#8220; circle_color=&#8220;#cc6b59&#8243; icon_placement=&#8220;left&#8220; content_max_width=&#8220;1100px&#8220; _builder_version=&#8220;4.8.2&#8243; header_level=&#8220;h5&#8243; header_font=&#8220;|700||on|||||&#8220; header_text_color=&#8220;#000000&#8243; header_font_size=&#8220;11px&#8220; header_letter_spacing=&#8220;1px&#8220; header_line_height=&#8220;2em&#8220; body_font_size=&#8220;12px&#8220; body_line_height=&#8220;1.6em&#8220; custom_margin=&#8220;-17px|||||&#8220; custom_padding=&#8220;|||&#8220; animation=&#8220;off&#8220; border_radii=&#8220;on|10px|10px|10px|10px&#8220; locked=&#8220;off&#8220;]<\/p>\n<p><span>698 8150<\/span><\/p>\n<p>[\/et_pb_blurb][\/et_pb_column][et_pb_column type=&#8220;1_2&#8243; _builder_version=&#8220;4.8.2&#8243; _module_preset=&#8220;default&#8220;][et_pb_text _builder_version=&#8220;4.8.2&#8243; _module_preset=&#8220;default&#8220;]<strong><span style=\"color: #e09900;\">MARKETING MANAGER<\/br><\/span>Inga<\/strong>[\/et_pb_text][et_pb_blurb title=&#8220;T\u00d6LVUP\u00d3STUR&#8220; use_icon=&#8220;on&#8220; font_icon=&#8220;%%238%%&#8220; icon_color=&#8220;#ffffff&#8220; use_circle=&#8220;on&#8220; circle_color=&#8220;#f5ba6a&#8220; icon_placement=&#8220;left&#8220; content_max_width=&#8220;1100px&#8220; _builder_version=&#8220;4.8.2&#8243; header_level=&#8220;h5&#8243; header_font=&#8220;|700||on|||||&#8220; header_text_color=&#8220;#000000&#8243; header_font_size=&#8220;11px&#8220; header_letter_spacing=&#8220;1px&#8220; header_line_height=&#8220;2em&#8220; body_font_size=&#8220;12px&#8220; body_line_height=&#8220;1.6em&#8220; custom_padding=&#8220;|||&#8220; animation=&#8220;off&#8220; border_radii=&#8220;on|10px|10px|10px|10px&#8220; locked=&#8220;off&#8220;]<\/p>\n<p><em><a href=\"mailto:inga@ritform.is\">inga@ritform.is<\/a><\/em><\/p>\n<p>[\/et_pb_blurb][et_pb_blurb title=&#8220;S\u00cdMI&#8220; use_icon=&#8220;on&#8220; font_icon=&#8220;%%264%%&#8220; icon_color=&#8220;#ffffff&#8220; use_circle=&#8220;on&#8220; circle_color=&#8220;#cc6b59&#8243; icon_placement=&#8220;left&#8220; content_max_width=&#8220;1100px&#8220; _builder_version=&#8220;4.8.2&#8243; header_level=&#8220;h5&#8243; header_font=&#8220;|700||on|||||&#8220; header_text_color=&#8220;#000000&#8243; header_font_size=&#8220;11px&#8220; header_letter_spacing=&#8220;1px&#8220; header_line_height=&#8220;2em&#8220; body_font_size=&#8220;12px&#8220; body_line_height=&#8220;1.6em&#8220; custom_margin=&#8220;-17px|||||&#8220; custom_padding=&#8220;|||&#8220; animation=&#8220;off&#8220; border_radii=&#8220;on|10px|10px|10px|10px&#8220; locked=&#8220;off&#8220;]<\/p>\n<p><span>898 8022<\/span><\/p>\n<p>[\/et_pb_blurb][\/et_pb_column][\/et_pb_row][\/et_pb_section][et_pb_section fb_built=&#8220;1&#8243; prev_background_color=&#8220;#ffffff&#8220; admin_label=&#8220;About Me&#8220; _builder_version=&#8220;4.8.2&#8243; background_color=&#8220;#082047&#8243; custom_padding=&#8220;100px|0px|54px|0px|false|false&#8220; top_divider_style=&#8220;curve&#8220; top_divider_height=&#8220;6vw&#8220; top_divider_flip=&#8220;vertical&#8220;][\/et_pb_section]<\/p>","protected":false},"excerpt":{"rendered":"<p>[et_pb_section fb_built=&#8220;1&#8243; next_background_color=&#8220;#fafafa&#8220; admin_label=&#8220;Header&#8220; _builder_version=&#8220;4.8.2&#8243; min_height=&#8220;272.3px&#8220; bottom_divider_style=&#8220;wave&#8220; bottom_divider_height=&#8220;10vw&#8220; bottom_divider_flip=&#8220;horizontal&#8220;][et_pb_row column_structure=&#8220;1_2,1_2&#8243; _builder_version=&#8220;4.8.2&#8243; background_size=&#8220;contain&#8220;][et_pb_column type=&#8220;1_2&#8243; _builder_version=&#8220;3.25&#8243; custom_padding=&#8220;|||&#8220; custom_padding_tablet=&#8220;0px|||&#8220; custom_padding_last_edited=&#8220;off|desktop&#8220; custom_padding__hover=&#8220;|||&#8220;][et_pb_text _builder_version=&#8220;4.8.2&#8243; text_font=&#8220;||||||||&#8220; ul_font=&#8220;||||||||&#8220; ol_font=&#8220;||||||||&#8220; header_font=&#8220;Montserrat|500||on|||||&#8220; header_font_size=&#8220;18px&#8220; header_letter_spacing=&#8220;5px&#8220; header_line_height=&#8220;1.5em&#8220; header_2_font=&#8220;Merriweather|700|||||||&#8220; header_2_font_size=&#8220;60px&#8220; header_2_line_height=&#8220;1.4em&#8220; header_3_font=&#8220;||||||||&#8220; header_4_font=&#8220;||||||||&#8220; header_5_font=&#8220;||||||||&#8220; header_6_font=&#8220;||||||||&#8220; header_font_size_tablet=&#8220;&#8220; header_font_size_phone=&#8220;12px&#8220; header_font_size_last_edited=&#8220;on|desktop&#8220; header_2_font_size_tablet=&#8220;50px&#8220; header_2_font_size_phone=&#8220;30px&#8220; header_2_font_size_last_edited=&#8220;on|desktop&#8220;] B\u00d3KA B\u00c1S HAF\u00f0U SAMBAND OG B\u00d3KA\u00d0U SV\u00c6\u00d0I! \u00a0 [\/et_pb_text][\/et_pb_column][et_pb_column type=&#8220;1_2&#8243; _builder_version=&#8220;3.25&#8243; custom_padding=&#8220;|||&#8220; custom_padding__hover=&#8220;|||&#8220;][\/et_pb_column][\/et_pb_row][\/et_pb_section][et_pb_section fb_built=&#8220;1&#8243; admin_label=&#8220;Consultation&#8220; _builder_version=&#8220;4.8.2&#8243; [&hellip;]<\/p>","protected":false},"author":1,"featured_media":0,"parent":0,"menu_order":0,"comment_status":"closed","ping_status":"closed","template":"","meta":{"_et_pb_use_builder":"on","_et_pb_old_content":"","_et_gb_content_width":"","footnotes":""},"class_list":["post-73","page","type-page","status-publish","hentry"],"_links":{"self":[{"href":"https:\/\/icelandfishexpo.is\/en\/wp-json\/wp\/v2\/pages\/73","targetHints":{"allow":["GET"]}}],"collection":[{"href":"https:\/\/icelandfishexpo.is\/en\/wp-json\/wp\/v2\/pages"}],"about":[{"href":"https:\/\/icelandfishexpo.is\/en\/wp-json\/wp\/v2\/types\/page"}],"author":[{"embeddable":true,"href":"https:\/\/icelandfishexpo.is\/en\/wp-json\/wp\/v2\/users\/1"}],"replies":[{"embeddable":true,"href":"https:\/\/icelandfishexpo.is\/en\/wp-json\/wp\/v2\/comments?post=73"}],"version-history":[{"count":108,"href":"https:\/\/icelandfishexpo.is\/en\/wp-json\/wp\/v2\/pages\/73\/revisions"}],"predecessor-version":[{"id":2784,"href":"https:\/\/icelandfishexpo.is\/en\/wp-json\/wp\/v2\/pages\/73\/revisions\/2784"}],"wp:attachment":[{"href":"https:\/\/icelandfishexpo.is\/en\/wp-json\/wp\/v2\/media?parent=73"}],"curies":[{"name":"wp","href":"https:\/\/api.w.org\/{rel}","templated":true}]}}